{"id":3455,"date":"2024-11-26T13:09:42","date_gmt":"2024-11-26T12:09:42","guid":{"rendered":"https:\/\/xeffect.eu\/borelemzo-eszkoz\/"},"modified":"2025-07-29T10:23:10","modified_gmt":"2025-07-29T08:23:10","slug":"borelemzo-eszkoz","status":"publish","type":"page","link":"https:\/\/xeffect.eu\/hu\/borelemzo-eszkoz\/","title":{"rendered":"B\u0151relemz\u0151 eszk\u00f6z"},"content":{"rendered":"<p>[et_pb_section fb_built=&#8221;1&#8243; admin_label=&#8221;Header &#038; Blog&#8221; _builder_version=&#8221;4.27.4&#8243; _module_preset=&#8221;default&#8221; background_color=&#8221;#f2f2f2&#8243; use_background_color_gradient=&#8221;on&#8221; background_color_gradient_stops=&#8221;#f2f2f2 0%|#ffffff 100%&#8221; da_disable_devices=&#8221;off|off|off&#8221; locked=&#8221;off&#8221; collapsed=&#8221;on&#8221; global_colors_info=&#8221;{}&#8221; da_is_popup=&#8221;off&#8221; da_exit_intent=&#8221;off&#8221; da_has_close=&#8221;on&#8221; da_alt_close=&#8221;off&#8221; da_dark_close=&#8221;off&#8221; da_not_modal=&#8221;on&#8221; da_is_singular=&#8221;off&#8221; da_with_loader=&#8221;off&#8221; da_has_shadow=&#8221;on&#8221;][et_pb_row column_structure=&#8221;3_5,2_5&#8243; _builder_version=&#8221;4.27.3&#8243; _module_preset=&#8221;default&#8221; max_width=&#8221;1280px&#8221; global_colors_info=&#8221;{}&#8221;][et_pb_column type=&#8221;3_5&#8243; _builder_version=&#8221;4.20.0&#8243; _module_preset=&#8221;default&#8221; global_colors_info=&#8221;{}&#8221;][et_pb_text _builder_version=&#8221;4.27.3&#8243; _module_preset=&#8221;_initial&#8221; header_font=&#8221;Space Grotesk|700|||||||&#8221; header_text_align=&#8221;left&#8221; header_font_size=&#8221;40px&#8221; header_line_height=&#8221;1.2em&#8221; text_orientation=&#8221;center&#8221; custom_margin=&#8221;||5px|||&#8221; header_font_size_tablet=&#8221;40px&#8221; header_font_size_phone=&#8221;24px&#8221; header_font_size_last_edited=&#8221;on|phone&#8221; global_colors_info=&#8221;{}&#8221;]<\/p>\n<h1 style=\"text-align: left;\"><strong>Ingyenes b\u0151relemz\u0151 k\u00e9sz\u00fcl\u00e9k b\u00e9rl\u00e9s az Xeffect tagjai sz\u00e1m\u00e1ra.<\/strong><\/h1>\n<p>[\/et_pb_text][et_pb_text _builder_version=&#8221;4.27.4&#8243; _module_preset=&#8221;default&#8221; text_font=&#8221;||||||||&#8221; text_font_size=&#8221;16px&#8221; text_line_height=&#8221;1.4em&#8221; text_orientation=&#8221;center&#8221; global_colors_info=&#8221;{}&#8221;]<\/p>\n<p style=\"text-align: left;\">Csatlakozzon az <strong>Xeffect<\/strong> k\u00f6z\u00f6ss\u00e9ghez, \u00e9s szerezzen hozz\u00e1f\u00e9r\u00e9st a cs\u00facstechnol\u00f3gi\u00e1s <strong>intelligens b\u0151relemz\u0151 k\u00e9sz\u00fcl\u00e9khez<\/strong> teljesen<strong> ingyen<\/strong>! Ez a modern diagnosztikai eszk\u00f6z exkluz\u00edv el\u0151nyk\u00e9nt \u00e1ll rendelkez\u00e9sre tagjaink sz\u00e1m\u00e1ra, akik a lehet\u0151 legjobb b\u0151r\u00e1pol\u00e1st szeretn\u00e9k ny\u00fajtani \u00fcgyfeleiknek.<\/p>\n<p style=\"text-align: left;\">Az intelligens b\u0151relemz\u0151vel <strong>ny\u00fajtott szolg\u00e1ltat\u00e1s igazi kedvenc\u00e9<\/strong> teszi \u00f6nt az \u00fcgyfelek szem\u00e9ben. A pontos \u00e9s r\u00e9szletes diagnosztikai eredm\u00e9nyek megmutatj\u00e1k sz\u00e1mukra, hogy \u00f6n igazi profi, aki a legmagasabb szinten gondoskodik b\u0151r\u00fckr\u0151l. Ez a modern technol\u00f3gia nemcsak n\u00f6veli az \u00d6n <strong>preszt\u00edzs\u00e9t<\/strong>, hanem \u00faj \u00fcgyfeleket is vonz majd, akik hajland\u00f3ak lesznek t\u00f6bbet fektetni az \u00d6n szolg\u00e1ltat\u00e1saiba. Az eredm\u00e9ny nagyobb el\u00e9gedetts\u00e9g, jobb \u00e9rt\u00e9kel\u00e9sek \u00e9s a <strong>nyeres\u00e9g n\u00f6veked\u00e9se.<\/strong> Az Xeffecttel v\u00e1llalkoz\u00e1s\u00e1t egy teljesen \u00faj szintre emelheti!<\/p>\n<p>[\/et_pb_text][\/et_pb_column][et_pb_column type=&#8221;2_5&#8243; _builder_version=&#8221;4.27.3&#8243; _module_preset=&#8221;default&#8221; global_colors_info=&#8221;{}&#8221;][et_pb_image src=&#8221;https:\/\/xeffect.eu\/wp-content\/uploads\/2024\/12\/skin-analyzer1-1024&#215;678.jpg&#8221; title_text=&#8221;skin-analyzer1-hu&#8221; _builder_version=&#8221;4.27.3&#8243; _module_preset=&#8221;default&#8221; border_radii=&#8221;on|20px|20px|20px|20px&#8221; global_colors_info=&#8221;{}&#8221;][\/et_pb_image][\/et_pb_column][\/et_pb_row][et_pb_row _builder_version=&#8221;4.27.3&#8243; _module_preset=&#8221;default&#8221; max_width=&#8221;1280px&#8221; custom_padding=&#8221;||8px|||&#8221; global_colors_info=&#8221;{}&#8221;][et_pb_column type=&#8221;4_4&#8243; _builder_version=&#8221;4.20.0&#8243; _module_preset=&#8221;default&#8221; global_colors_info=&#8221;{}&#8221;][et_pb_text _builder_version=&#8221;4.27.3&#8243; _module_preset=&#8221;_initial&#8221; header_font=&#8221;Space Grotesk|700|||||||&#8221; header_text_align=&#8221;center&#8221; header_font_size=&#8221;70px&#8221; header_line_height=&#8221;1.2em&#8221; header_4_text_align=&#8221;center&#8221; text_orientation=&#8221;center&#8221; custom_margin=&#8221;||5px|||&#8221; header_font_size_tablet=&#8221;40px&#8221; header_font_size_phone=&#8221;24px&#8221; header_font_size_last_edited=&#8221;on|desktop&#8221; global_colors_info=&#8221;{}&#8221;]<\/p>\n<h4><strong>Mi\u00e9rt egyed\u00fcl\u00e1ll\u00f3 a b\u0151ranaliz\u00e1tor az Xeffect tagjai sz\u00e1m\u00e1ra?<\/strong><\/h4>\n<p>[\/et_pb_text][\/et_pb_column][\/et_pb_row][et_pb_row column_structure=&#8221;1_4,1_4,1_4,1_4&#8243; use_custom_gutter=&#8221;on&#8221; gutter_width=&#8221;2&#8243; _builder_version=&#8221;4.27.3&#8243; _module_preset=&#8221;default&#8221; max_width=&#8221;1280px&#8221; global_colors_info=&#8221;{}&#8221;][et_pb_column type=&#8221;1_4&#8243; _builder_version=&#8221;4.27.3&#8243; _module_preset=&#8221;default&#8221; global_colors_info=&#8221;{}&#8221;][et_pb_text _builder_version=&#8221;4.27.4&#8243; _module_preset=&#8221;default&#8221; text_font_size=&#8221;16px&#8221; text_line_height=&#8221;1.4em&#8221; text_orientation=&#8221;center&#8221; global_colors_info=&#8221;{}&#8221;]<\/p>\n<p><strong>P\u00e1ratlan diagnosztikai pontoss\u00e1g<\/strong><br \/>Az analiz\u00e1tor r\u00e9szletesen vizsg\u00e1lja a pigment\u00e1ci\u00f3t, p\u00f3rusokat, r\u00e1ncokat \u00e9s a b\u0151r text\u00far\u00e1j\u00e1t. Fejlett optikai \u00e9s RBX technol\u00f3gia seg\u00edts\u00e9g\u00e9vel a k\u00e9sz\u00fcl\u00e9k felt\u00e1rja a b\u0151r alatti probl\u00e9m\u00e1kat is, mint p\u00e9ld\u00e1ul az akn\u00e9, rosacea \u00e9s pigmentfoltok.<\/p>\n<p>[\/et_pb_text][\/et_pb_column][et_pb_column type=&#8221;1_4&#8243; _builder_version=&#8221;4.27.3&#8243; _module_preset=&#8221;default&#8221; global_colors_info=&#8221;{}&#8221;][et_pb_text _builder_version=&#8221;4.27.3&#8243; _module_preset=&#8221;default&#8221; text_font_size=&#8221;16px&#8221; text_line_height=&#8221;1.4em&#8221; text_orientation=&#8221;center&#8221; global_colors_info=&#8221;{}&#8221;]<\/p>\n<p><strong>B\u0151rkori \u00e9s \u00f6reged\u00e9si szimul\u00e1ci\u00f3<\/strong><br \/>Val\u00f3s\u00e1gh\u0171 b\u0151r\u00f6reged\u00e9si szimul\u00e1ci\u00f3kat biztos\u00edt, amelyek seg\u00edts\u00e9g\u00e9vel aj\u00e1nlhatja a legmegfelel\u0151bb kezel\u00e9seket vagy term\u00e9keket az \u00f6reged\u00e9s lass\u00edt\u00e1s\u00e1ra.<\/p>\n<p>[\/et_pb_text][\/et_pb_column][et_pb_column type=&#8221;1_4&#8243; _builder_version=&#8221;4.27.3&#8243; _module_preset=&#8221;default&#8221; global_colors_info=&#8221;{}&#8221;][et_pb_text _builder_version=&#8221;4.27.3&#8243; _module_preset=&#8221;default&#8221; text_font_size=&#8221;16px&#8221; text_line_height=&#8221;1.4em&#8221; text_orientation=&#8221;center&#8221; global_colors_info=&#8221;{}&#8221;]<\/p>\n<p><strong>Egyszer\u0171 haszn\u00e1lat<\/strong><br \/>Az intuit\u00edv felhaszn\u00e1l\u00f3i fel\u00fclet megk\u00f6nny\u00edti a munk\u00e1t \u2013 az \u00faj \u00fcgyfelek hozz\u00e1ad\u00e1s\u00e1t\u00f3l kezdve a diagnosztik\u00e1n \u00e1t eg\u00e9szen a szem\u00e9lyre szabott aj\u00e1nl\u00e1sok kidolgoz\u00e1s\u00e1ig.<\/p>\n<p>[\/et_pb_text][\/et_pb_column][et_pb_column type=&#8221;1_4&#8243; _builder_version=&#8221;4.27.3&#8243; _module_preset=&#8221;default&#8221; global_colors_info=&#8221;{}&#8221;][et_pb_text _builder_version=&#8221;4.27.3&#8243; _module_preset=&#8221;default&#8221; text_font_size=&#8221;16px&#8221; text_line_height=&#8221;1.4em&#8221; text_orientation=&#8221;center&#8221; global_colors_info=&#8221;{}&#8221;]<\/p>\n<p><strong>Hozz\u00e1adott \u00e9rt\u00e9k \u00fcgyfelei sz\u00e1m\u00e1ra<\/strong><br \/>Szak\u00e9rtelme \u00faj dimenzi\u00f3t nyer. \u00dcgyfelei \u00e9rt\u00e9kelni fogj\u00e1k a szakszer\u0171 elemz\u00e9seket \u00e9s a pontos aj\u00e1nl\u00e1sokat b\u0151r\u00fck \u00e1pol\u00e1s\u00e1ra.<\/p>\n<p>[\/et_pb_text][\/et_pb_column][\/et_pb_row][\/et_pb_section]<\/p>\n","protected":false},"excerpt":{"rendered":"<p>Ingyenes b\u0151relemz\u0151 k\u00e9sz\u00fcl\u00e9k b\u00e9rl\u00e9s az Xeffect tagjai sz\u00e1m\u00e1ra.Csatlakozzon az Xeffect k\u00f6z\u00f6ss\u00e9ghez, \u00e9s szerezzen hozz\u00e1f\u00e9r\u00e9st a cs\u00facstechnol\u00f3gi\u00e1s intelligens b\u0151relemz\u0151 k\u00e9sz\u00fcl\u00e9khez teljesen ingyen! Ez a modern diagnosztikai eszk\u00f6z exkluz\u00edv el\u0151nyk\u00e9nt \u00e1ll rendelkez\u00e9sre tagjaink sz\u00e1m\u00e1ra, akik a lehet\u0151 legjobb b\u0151r\u00e1pol\u00e1st szeretn\u00e9k ny\u00fajtani \u00fcgyfeleiknek. Az intelligens b\u0151relemz\u0151vel ny\u00fajtott szolg\u00e1ltat\u00e1s igazi kedvenc\u00e9 teszi \u00f6nt az \u00fcgyfelek szem\u00e9ben. A pontos \u00e9s [&hellip;]<\/p>\n","protected":false},"author":1,"featured_media":0,"parent":0,"menu_order":0,"comment_status":"closed","ping_status":"closed","template":"","meta":{"_acf_changed":false,"_et_pb_use_builder":"on","_et_pb_old_content":"","_et_gb_content_width":"","inline_featured_image":false,"footnotes":""},"class_list":["post-3455","page","type-page","status-publish","hentry"],"acf":[],"yoast_head":"<!-- This site is optimized with the Yoast SEO plugin v26.2 - https:\/\/yoast.com\/wordpress\/plugins\/seo\/ -->\n<title>B\u0151relemz\u0151 eszk\u00f6z - xeffect.eu<\/title>\n<meta name=\"robots\" content=\"index, follow, max-snippet:-1, max-image-preview:large, max-video-preview:-1\" \/>\n<link rel=\"canonical\" href=\"https:\/\/xeffect.eu\/hu\/borelemzo-eszkoz\/\" \/>\n<meta property=\"og:locale\" content=\"hu_HU\" \/>\n<meta property=\"og:type\" content=\"article\" \/>\n<meta property=\"og:title\" content=\"B\u0151relemz\u0151 eszk\u00f6z - xeffect.eu\" \/>\n<meta property=\"og:description\" content=\"Ingyenes b\u0151relemz\u0151 k\u00e9sz\u00fcl\u00e9k b\u00e9rl\u00e9s az Xeffect tagjai sz\u00e1m\u00e1ra.Csatlakozzon az Xeffect k\u00f6z\u00f6ss\u00e9ghez, \u00e9s szerezzen hozz\u00e1f\u00e9r\u00e9st a cs\u00facstechnol\u00f3gi\u00e1s intelligens b\u0151relemz\u0151 k\u00e9sz\u00fcl\u00e9khez teljesen ingyen! Ez a modern diagnosztikai eszk\u00f6z exkluz\u00edv el\u0151nyk\u00e9nt \u00e1ll rendelkez\u00e9sre tagjaink sz\u00e1m\u00e1ra, akik a lehet\u0151 legjobb b\u0151r\u00e1pol\u00e1st szeretn\u00e9k ny\u00fajtani \u00fcgyfeleiknek. Az intelligens b\u0151relemz\u0151vel ny\u00fajtott szolg\u00e1ltat\u00e1s igazi kedvenc\u00e9 teszi \u00f6nt az \u00fcgyfelek szem\u00e9ben. A pontos \u00e9s [&hellip;]\" \/>\n<meta property=\"og:url\" content=\"https:\/\/xeffect.eu\/hu\/borelemzo-eszkoz\/\" \/>\n<meta property=\"og:site_name\" content=\"xeffect.eu\" \/>\n<meta property=\"article:modified_time\" content=\"2025-07-29T08:23:10+00:00\" \/>\n<meta property=\"og:image\" content=\"https:\/\/xeffect.eu\/wp-content\/uploads\/2025\/02\/share-image-xeffect.jpg\" \/>\n\t<meta property=\"og:image:width\" content=\"1200\" \/>\n\t<meta property=\"og:image:height\" content=\"675\" \/>\n\t<meta property=\"og:image:type\" content=\"image\/jpeg\" \/>\n<meta name=\"twitter:card\" content=\"summary_large_image\" \/>\n<meta name=\"twitter:label1\" content=\"Becs\u00fclt olvas\u00e1si id\u0151\" \/>\n\t<meta name=\"twitter:data1\" content=\"4 perc\" \/>\n<script type=\"application\/ld+json\" class=\"yoast-schema-graph\">{\"@context\":\"https:\/\/schema.org\",\"@graph\":[{\"@type\":\"WebPage\",\"@id\":\"https:\/\/xeffect.eu\/hu\/borelemzo-eszkoz\/\",\"url\":\"https:\/\/xeffect.eu\/hu\/borelemzo-eszkoz\/\",\"name\":\"B\u0151relemz\u0151 eszk\u00f6z - xeffect.eu\",\"isPartOf\":{\"@id\":\"https:\/\/xeffect.eu\/#website\"},\"datePublished\":\"2024-11-26T12:09:42+00:00\",\"dateModified\":\"2025-07-29T08:23:10+00:00\",\"breadcrumb\":{\"@id\":\"https:\/\/xeffect.eu\/hu\/borelemzo-eszkoz\/#breadcrumb\"},\"inLanguage\":\"hu\",\"potentialAction\":[{\"@type\":\"ReadAction\",\"target\":[\"https:\/\/xeffect.eu\/hu\/borelemzo-eszkoz\/\"]}]},{\"@type\":\"BreadcrumbList\",\"@id\":\"https:\/\/xeffect.eu\/hu\/borelemzo-eszkoz\/#breadcrumb\",\"itemListElement\":[{\"@type\":\"ListItem\",\"position\":1,\"name\":\"Home\",\"item\":\"https:\/\/xeffect.eu\/\"},{\"@type\":\"ListItem\",\"position\":2,\"name\":\"B\u0151relemz\u0151 eszk\u00f6z\"}]},{\"@type\":\"WebSite\",\"@id\":\"https:\/\/xeffect.eu\/#website\",\"url\":\"https:\/\/xeffect.eu\/\",\"name\":\"xeffect.eu\",\"description\":\"Port\u00e1l pre obchodn\u00fdch partnerov wellU\",\"publisher\":{\"@id\":\"https:\/\/xeffect.eu\/#organization\"},\"potentialAction\":[{\"@type\":\"SearchAction\",\"target\":{\"@type\":\"EntryPoint\",\"urlTemplate\":\"https:\/\/xeffect.eu\/?s={search_term_string}\"},\"query-input\":{\"@type\":\"PropertyValueSpecification\",\"valueRequired\":true,\"valueName\":\"search_term_string\"}}],\"inLanguage\":\"hu\"},{\"@type\":\"Organization\",\"@id\":\"https:\/\/xeffect.eu\/#organization\",\"name\":\"xeffect.eu\",\"url\":\"https:\/\/xeffect.eu\/\",\"logo\":{\"@type\":\"ImageObject\",\"inLanguage\":\"hu\",\"@id\":\"https:\/\/xeffect.eu\/#\/schema\/logo\/image\/\",\"url\":\"https:\/\/xeffect.eu\/wp-content\/uploads\/2024\/11\/FINAL-LOGO-Xeffect-copy-12.svg\",\"contentUrl\":\"https:\/\/xeffect.eu\/wp-content\/uploads\/2024\/11\/FINAL-LOGO-Xeffect-copy-12.svg\",\"width\":\"1024\",\"height\":\"1024\",\"caption\":\"xeffect.eu\"},\"image\":{\"@id\":\"https:\/\/xeffect.eu\/#\/schema\/logo\/image\/\"}}]}<\/script>\n<!-- \/ Yoast SEO plugin. -->","yoast_head_json":{"title":"B\u0151relemz\u0151 eszk\u00f6z - xeffect.eu","robots":{"index":"index","follow":"follow","max-snippet":"max-snippet:-1","max-image-preview":"max-image-preview:large","max-video-preview":"max-video-preview:-1"},"canonical":"https:\/\/xeffect.eu\/hu\/borelemzo-eszkoz\/","og_locale":"hu_HU","og_type":"article","og_title":"B\u0151relemz\u0151 eszk\u00f6z - xeffect.eu","og_description":"Ingyenes b\u0151relemz\u0151 k\u00e9sz\u00fcl\u00e9k b\u00e9rl\u00e9s az Xeffect tagjai sz\u00e1m\u00e1ra.Csatlakozzon az Xeffect k\u00f6z\u00f6ss\u00e9ghez, \u00e9s szerezzen hozz\u00e1f\u00e9r\u00e9st a cs\u00facstechnol\u00f3gi\u00e1s intelligens b\u0151relemz\u0151 k\u00e9sz\u00fcl\u00e9khez teljesen ingyen! Ez a modern diagnosztikai eszk\u00f6z exkluz\u00edv el\u0151nyk\u00e9nt \u00e1ll rendelkez\u00e9sre tagjaink sz\u00e1m\u00e1ra, akik a lehet\u0151 legjobb b\u0151r\u00e1pol\u00e1st szeretn\u00e9k ny\u00fajtani \u00fcgyfeleiknek. Az intelligens b\u0151relemz\u0151vel ny\u00fajtott szolg\u00e1ltat\u00e1s igazi kedvenc\u00e9 teszi \u00f6nt az \u00fcgyfelek szem\u00e9ben. A pontos \u00e9s [&hellip;]","og_url":"https:\/\/xeffect.eu\/hu\/borelemzo-eszkoz\/","og_site_name":"xeffect.eu","article_modified_time":"2025-07-29T08:23:10+00:00","og_image":[{"width":1200,"height":675,"url":"https:\/\/xeffect.eu\/wp-content\/uploads\/2025\/02\/share-image-xeffect.jpg","type":"image\/jpeg"}],"twitter_card":"summary_large_image","twitter_misc":{"Becs\u00fclt olvas\u00e1si id\u0151":"4 perc"},"schema":{"@context":"https:\/\/schema.org","@graph":[{"@type":"WebPage","@id":"https:\/\/xeffect.eu\/hu\/borelemzo-eszkoz\/","url":"https:\/\/xeffect.eu\/hu\/borelemzo-eszkoz\/","name":"B\u0151relemz\u0151 eszk\u00f6z - xeffect.eu","isPartOf":{"@id":"https:\/\/xeffect.eu\/#website"},"datePublished":"2024-11-26T12:09:42+00:00","dateModified":"2025-07-29T08:23:10+00:00","breadcrumb":{"@id":"https:\/\/xeffect.eu\/hu\/borelemzo-eszkoz\/#breadcrumb"},"inLanguage":"hu","potentialAction":[{"@type":"ReadAction","target":["https:\/\/xeffect.eu\/hu\/borelemzo-eszkoz\/"]}]},{"@type":"BreadcrumbList","@id":"https:\/\/xeffect.eu\/hu\/borelemzo-eszkoz\/#breadcrumb","itemListElement":[{"@type":"ListItem","position":1,"name":"Home","item":"https:\/\/xeffect.eu\/"},{"@type":"ListItem","position":2,"name":"B\u0151relemz\u0151 eszk\u00f6z"}]},{"@type":"WebSite","@id":"https:\/\/xeffect.eu\/#website","url":"https:\/\/xeffect.eu\/","name":"xeffect.eu","description":"Port\u00e1l pre obchodn\u00fdch partnerov wellU","publisher":{"@id":"https:\/\/xeffect.eu\/#organization"},"potentialAction":[{"@type":"SearchAction","target":{"@type":"EntryPoint","urlTemplate":"https:\/\/xeffect.eu\/?s={search_term_string}"},"query-input":{"@type":"PropertyValueSpecification","valueRequired":true,"valueName":"search_term_string"}}],"inLanguage":"hu"},{"@type":"Organization","@id":"https:\/\/xeffect.eu\/#organization","name":"xeffect.eu","url":"https:\/\/xeffect.eu\/","logo":{"@type":"ImageObject","inLanguage":"hu","@id":"https:\/\/xeffect.eu\/#\/schema\/logo\/image\/","url":"https:\/\/xeffect.eu\/wp-content\/uploads\/2024\/11\/FINAL-LOGO-Xeffect-copy-12.svg","contentUrl":"https:\/\/xeffect.eu\/wp-content\/uploads\/2024\/11\/FINAL-LOGO-Xeffect-copy-12.svg","width":"1024","height":"1024","caption":"xeffect.eu"},"image":{"@id":"https:\/\/xeffect.eu\/#\/schema\/logo\/image\/"}}]}},"_links":{"self":[{"href":"https:\/\/xeffect.eu\/hu\/wp-json\/wp\/v2\/pages\/3455","targetHints":{"allow":["GET"]}}],"collection":[{"href":"https:\/\/xeffect.eu\/hu\/wp-json\/wp\/v2\/pages"}],"about":[{"href":"https:\/\/xeffect.eu\/hu\/wp-json\/wp\/v2\/types\/page"}],"author":[{"embeddable":true,"href":"https:\/\/xeffect.eu\/hu\/wp-json\/wp\/v2\/users\/1"}],"replies":[{"embeddable":true,"href":"https:\/\/xeffect.eu\/hu\/wp-json\/wp\/v2\/comments?post=3455"}],"version-history":[{"count":2,"href":"https:\/\/xeffect.eu\/hu\/wp-json\/wp\/v2\/pages\/3455\/revisions"}],"predecessor-version":[{"id":3462,"href":"https:\/\/xeffect.eu\/hu\/wp-json\/wp\/v2\/pages\/3455\/revisions\/3462"}],"wp:attachment":[{"href":"https:\/\/xeffect.eu\/hu\/wp-json\/wp\/v2\/media?parent=3455"}],"curies":[{"name":"wp","href":"https:\/\/api.w.org\/{rel}","templated":true}]}}